{"id":810,"date":"2024-06-12T03:46:12","date_gmt":"2024-06-12T03:46:12","guid":{"rendered":"https:\/\/latinamerican-coralway.com\/?page_id=810"},"modified":"2024-06-16T03:54:51","modified_gmt":"2024-06-16T03:54:51","slug":"beverages","status":"publish","type":"page","link":"https:\/\/latinamerican-coralway.com\/en\/beverages\/","title":{"rendered":"Beverages"},"content":{"rendered":"<div class=\"wp-block-uagb-container uagb-block-3781094d alignfull uagb-is-root-container\"><div class=\"uagb-container-inner-blocks-wrap\">\n<div class=\"wp-block-uagb-container uagb-block-3e82928a\">\n<div class=\"wp-block-uagb-advanced-heading uagb-block-3004eed3\"><h1 class=\"uagb-heading-text\">Beverages<\/h1><\/div>\n\n\n\n<div class=\"wp-block-uagb-advanced-heading uagb-block-a31b7d02\"><p class=\"uagb-heading-text\">Discover a wide selection of authentic Latin flavoured dishes with a Cuban fusion in our restaurant. From classics like ropa vieja to delicious seafood dishes, you'll find the essence of Latin with a Cuban fusion in every bite.<a href=\"https:\/\/latinamerican-coralway.com\/wp-content\/uploads\/2024\/05\/LatinCoralWay.pdf\"> See the full menu here<\/a><\/p><\/div>\n<\/div>\n\n\n\n<div class=\"wp-block-buttons is-layout-flex wp-block-buttons-is-layout-flex\">\n<div class=\"wp-block-button\"><a class=\"wp-block-button__link wp-element-button\" href=\"https:\/\/latinamerican-coralway.com\/en\/desayuno\/\">Breakfast<\/a><\/div>\n\n\n\n<div class=\"wp-block-button\"><a class=\"wp-block-button__link wp-element-button\" href=\"https:\/\/latinamerican-coralway.com\/en\/entremes\/\">APPETIZER<\/a><\/div>\n\n\n\n<div class=\"wp-block-button\"><a class=\"wp-block-button__link wp-element-button\" href=\"https:\/\/latinamerican-coralway.com\/en\/ensalada\/\">ENSALADA<\/a><\/div>\n\n\n\n<div class=\"wp-block-button\"><a class=\"wp-block-button__link wp-element-button\" href=\"https:\/\/latinamerican-coralway.com\/en\/sopas\/\">SOPA<\/a><\/div>\n\n\n\n<div class=\"wp-block-button\"><a class=\"wp-block-button__link wp-element-button\" href=\"https:\/\/latinamerican-coralway.com\/en\/sandwiches\/\">SANDWICHES<\/a><\/div>\n\n\n\n<div class=\"wp-block-button\"><a class=\"wp-block-button__link wp-element-button\" href=\"https:\/\/latinamerican-coralway.com\/en\/especiales\/\">ESPECIALES<\/a><\/div>\n\n\n\n<div class=\"wp-block-button\"><a class=\"wp-block-button__link wp-element-button\" href=\"https:\/\/latinamerican-coralway.com\/en\/carnes\/\">CARNES<\/a><\/div>\n\n\n\n<div class=\"wp-block-button\"><a class=\"wp-block-button__link wp-element-button\" href=\"https:\/\/latinamerican-coralway.com\/en\/pescado\/\">PESCADO<\/a><\/div>\n\n\n\n<div class=\"wp-block-button\"><a class=\"wp-block-button__link wp-element-button\" href=\"https:\/\/latinamerican-coralway.com\/en\/pollo\/\">POLLO<\/a><\/div>\n\n\n\n<div class=\"wp-block-button\"><a class=\"wp-block-button__link wp-element-button\" href=\"https:\/\/latinamerican-coralway.com\/en\/pastas\/\">PASTAS<\/a><\/div>\n\n\n\n<div class=\"wp-block-button\"><a class=\"wp-block-button__link wp-element-button\" href=\"https:\/\/latinamerican-coralway.com\/en\/acompanantes-2\/\">ACOMPA\u00d1ANTES<\/a><\/div>\n\n\n\n<div class=\"wp-block-button\"><a class=\"wp-block-button__link wp-element-button\" href=\"https:\/\/latinamerican-coralway.com\/en\/combos\/\">COMBOS<\/a><\/div>\n\n\n\n<div class=\"wp-block-button\"><a class=\"wp-block-button__link wp-element-button\" href=\"https:\/\/latinamerican-coralway.com\/en\/beverages\/\">BEVERAGES<\/a><\/div>\n\n\n\n<div class=\"wp-block-button\"><a class=\"wp-block-button__link wp-element-button\" href=\"https:\/\/latinamerican-coralway.com\/en\/postres\/\">POSTRES<\/a><\/div>\n<\/div>\n<\/div><\/div>\n\n\n\n<div class=\"wp-block-uagb-container uagb-block-a6c2e8fd alignfull uagb-is-root-container\"><div class=\"uagb-container-inner-blocks-wrap\">\n<div class=\"wp-block-uagb-container uagb-block-29fa2b13\">\n<div class=\"wp-block-uagb-advanced-heading uagb-block-334646ed\"><h2 class=\"uagb-heading-text\">refrescos \/ sodas<\/h2><\/div>\n\n\n\n<div class=\"wp-block-uagb-container uagb-block-383150b0\">\n<div class=\"wp-block-uagb-restaurant-menu uagb-rm_desk-column-1 uagb-rmtablet-column-1 uagb-rm_mobile-column-1 uagb-block-175ebc2b uagb-rm__desk-column-1 uagb-rm__tablet-column-1 uagb-rm__mobile-column-1\">\n<div class=\"wp-block-uagb-restaurant-menu-child uagb-rest_menu__wrap uagb-rest_menu_wrap\"><div class=\"uagb-rm__content\"><div class=\"uagb-rm-details\"><p class=\"uagb-rm__title\">Coca cola<\/p><div class=\"uagb-rm__desc\">Coke<\/div><\/div><span class=\"uagb-rm__price\"><\/span><\/div><div class=\"uagb-rm__separator\"><\/div><\/div>\n\n\n\n<div class=\"wp-block-uagb-restaurant-menu-child uagb-rest_menu__wrap uagb-rest_menu_wrap\"><div class=\"uagb-rm__content\"><div class=\"uagb-rm-details\"><p class=\"uagb-rm__title\">Sprite<\/p><div class=\"uagb-rm__desc\">Sprite<\/div><\/div><span class=\"uagb-rm__price\"><\/span><\/div><div class=\"uagb-rm__separator\"><\/div><\/div>\n\n\n\n<div class=\"wp-block-uagb-restaurant-menu-child uagb-rest_menu__wrap uagb-rest_menu_wrap\"><div class=\"uagb-rm__content\"><div class=\"uagb-rm-details\"><p class=\"uagb-rm__title\">Fanta<\/p><div class=\"uagb-rm__desc\">Fanta Orange<\/div><\/div><span class=\"uagb-rm__price\"><\/span><\/div><div class=\"uagb-rm__separator\"><\/div><\/div>\n\n\n\n<div class=\"wp-block-uagb-restaurant-menu-child uagb-rest_menu__wrap uagb-rest_menu_wrap\"><div class=\"uagb-rm__content\"><div class=\"uagb-rm-details\"><p class=\"uagb-rm__title\">Nestea<\/p><div class=\"uagb-rm__desc\">Nestea<\/div><\/div><span class=\"uagb-rm__price\"><\/span><\/div><div class=\"uagb-rm__separator\"><\/div><\/div>\n\n\n\n<div class=\"wp-block-uagb-restaurant-menu-child uagb-rest_menu__wrap uagb-rest_menu_wrap\"><div class=\"uagb-rm__content\"><div class=\"uagb-rm-details\"><p class=\"uagb-rm__title\">Soda diet\u00e9tica<\/p><div class=\"uagb-rm__desc\">Diet soda<\/div><\/div><span class=\"uagb-rm__price\"><\/span><\/div><div class=\"uagb-rm__separator\"><\/div><\/div>\n<\/div>\n<\/div>\n\n\n\n<div class=\"wp-block-uagb-container uagb-block-9de0db18\">\n<div class=\"wp-block-uagb-restaurant-menu uagb-rm_desk-column-1 uagb-rmtablet-column-1 uagb-rm_mobile-column-1 uagb-block-241f693c uagb-rm__desk-column-1 uagb-rm__tablet-column-1 uagb-rm__mobile-column-1\">\n<div class=\"wp-block-uagb-restaurant-menu-child uagb-rest_menu__wrap uagb-rest_menu_wrap\"><div class=\"uagb-rm__content\"><div class=\"uagb-rm-details\"><p class=\"uagb-rm__title\">Soda de maquina<\/p><div class=\"uagb-rm__desc\">Soda<\/div><\/div><span class=\"uagb-rm__price\"><\/span><\/div><div class=\"uagb-rm__separator\"><\/div><\/div>\n\n\n\n<div class=\"wp-block-uagb-restaurant-menu-child uagb-rest_menu__wrap uagb-rest_menu_wrap\"><div class=\"uagb-rm__content\"><div class=\"uagb-rm-details\"><p class=\"uagb-rm__title\">Malta<\/p><div class=\"uagb-rm__desc\">Malta<\/div><\/div><span class=\"uagb-rm__price\"><\/span><\/div><div class=\"uagb-rm__separator\"><\/div><\/div>\n\n\n\n<div class=\"wp-block-uagb-restaurant-menu-child uagb-rest_menu__wrap uagb-rest_menu_wrap\"><div class=\"uagb-rm__content\"><div class=\"uagb-rm-details\"><p class=\"uagb-rm__title\">Pierrer water<\/p><div class=\"uagb-rm__desc\">Pierrer water<\/div><\/div><span class=\"uagb-rm__price\"><\/span><\/div><div class=\"uagb-rm__separator\"><\/div><\/div>\n\n\n\n<div class=\"wp-block-uagb-restaurant-menu-child uagb-rest_menu__wrap uagb-rest_menu_wrap\"><div class=\"uagb-rm__content\"><div class=\"uagb-rm-details\"><p class=\"uagb-rm__title\">Agua (botella)<\/p><div class=\"uagb-rm__desc\">Water (bottle)<\/div><\/div><span class=\"uagb-rm__price\"><\/span><\/div><div class=\"uagb-rm__separator\"><\/div><\/div>\n\n\n\n<div class=\"wp-block-uagb-restaurant-menu-child uagb-rest_menu__wrap uagb-rest_menu_wrap\"><div class=\"uagb-rm__content\"><div class=\"uagb-rm-details\"><p class=\"uagb-rm__title\">Powerade<\/p><div class=\"uagb-rm__desc\">Powerade<\/div><\/div><span class=\"uagb-rm__price\"><\/span><\/div><div class=\"uagb-rm__separator\"><\/div><\/div>\n<\/div>\n<\/div>\n<\/div>\n<\/div><\/div>\n\n\n\n<div class=\"wp-block-uagb-container uagb-block-b96059d2 alignwide uagb-is-root-container\">\n<div class=\"wp-block-uagb-container uagb-block-7c6c0201\">\n<div class=\"wp-block-uagb-container uagb-block-5811ac82\">\n<div class=\"wp-block-uagb-advanced-heading uagb-block-117efe68\"><h3 class=\"uagb-heading-text\">jugos \/ juices<\/h3><div class=\"uagb-separator\"><\/div><\/div>\n\n\n\n<div class=\"wp-block-uagb-restaurant-menu uagb-rm_desk-column-1 uagb-rmtablet-column-1 uagb-rm_mobile-column-1 uagb-block-103c8d25 uagb-rm__desk-column-1 uagb-rm__tablet-column-1 uagb-rm__mobile-column-1\">\n<div class=\"wp-block-uagb-restaurant-menu-child uagb-rest_menu__wrap uagb-rest_menu_wrap\"><div class=\"uagb-rm__content\"><div class=\"uagb-rm-details\"><p class=\"uagb-rm__title\">Naranja natural<\/p><div class=\"uagb-rm__desc\">Fresh orange<\/div><\/div><span class=\"uagb-rm__price\"><\/span><\/div><div class=\"uagb-rm__separator\"><\/div><\/div>\n\n\n\n<div class=\"wp-block-uagb-restaurant-menu-child uagb-rest_menu__wrap uagb-rest_menu_wrap\"><div class=\"uagb-rm__content\"><div class=\"uagb-rm-details\"><p class=\"uagb-rm__title\">Melon<\/p><div class=\"uagb-rm__desc\">Watermelon<\/div><\/div><span class=\"uagb-rm__price\"><\/span><\/div><div class=\"uagb-rm__separator\"><\/div><\/div>\n\n\n\n<div class=\"wp-block-uagb-restaurant-menu-child uagb-rest_menu__wrap uagb-rest_menu_wrap\"><div class=\"uagb-rm__content\"><div class=\"uagb-rm-details\"><p class=\"uagb-rm__title\">Naranja y zanahoria<\/p><div class=\"uagb-rm__desc\">Orange and carrot<\/div><\/div><span class=\"uagb-rm__price\"><\/span><\/div><div class=\"uagb-rm__separator\"><\/div><\/div>\n\n\n\n<div class=\"wp-block-uagb-restaurant-menu-child uagb-rest_menu__wrap uagb-rest_menu_wrap\"><div class=\"uagb-rm__content\"><div class=\"uagb-rm-details\"><p class=\"uagb-rm__title\">Limonada frappe<\/p><div class=\"uagb-rm__desc\">Frappe limonade<\/div><\/div><span class=\"uagb-rm__price\"><\/span><\/div><div class=\"uagb-rm__separator\"><\/div><\/div>\n<\/div>\n<\/div>\n\n\n\n<div class=\"wp-block-uagb-container uagb-block-e002ea85\">\n<div class=\"wp-block-uagb-advanced-heading uagb-block-1e00d68a\"><h3 class=\"uagb-heading-text\">Batidos \/ shakes<\/h3><div class=\"uagb-separator\"><\/div><\/div>\n\n\n\n<div class=\"wp-block-uagb-restaurant-menu uagb-rm_desk-column-1 uagb-rmtablet-column-1 uagb-rm_mobile-column-1 uagb-block-3408bb79 uagb-rm__desk-column-1 uagb-rm__tablet-column-1 uagb-rm__mobile-column-1\">\n<div class=\"wp-block-uagb-restaurant-menu-child uagb-rest_menu__wrap uagb-rest_menu_wrap\"><div class=\"uagb-rm__content\"><div class=\"uagb-rm-details\"><p class=\"uagb-rm__title\">Mamey<\/p><div class=\"uagb-rm__desc\">Mamey<\/div><\/div><span class=\"uagb-rm__price\"><\/span><\/div><div class=\"uagb-rm__separator\"><\/div><\/div>\n\n\n\n<div class=\"wp-block-uagb-restaurant-menu-child uagb-rest_menu__wrap uagb-rest_menu_wrap\"><div class=\"uagb-rm__content\"><div class=\"uagb-rm-details\"><p class=\"uagb-rm__title\">Trigo <\/p><div class=\"uagb-rm__desc\">Wheat<\/div><\/div><span class=\"uagb-rm__price\"><\/span><\/div><div class=\"uagb-rm__separator\"><\/div><\/div>\n\n\n\n<div class=\"wp-block-uagb-restaurant-menu-child uagb-rest_menu__wrap uagb-rest_menu_wrap\"><div class=\"uagb-rm__content\"><div class=\"uagb-rm-details\"><p class=\"uagb-rm__title\">Vainilla<\/p><div class=\"uagb-rm__desc\">Vanilla<\/div><\/div><span class=\"uagb-rm__price\"><\/span><\/div><div class=\"uagb-rm__separator\"><\/div><\/div>\n\n\n\n<div class=\"wp-block-uagb-restaurant-menu-child uagb-rest_menu__wrap uagb-rest_menu_wrap\"><div class=\"uagb-rm__content\"><div class=\"uagb-rm-details\"><p class=\"uagb-rm__title\">Chocolate<\/p><div class=\"uagb-rm__desc\">Chocolate<\/div><\/div><span class=\"uagb-rm__price\"><\/span><\/div><div class=\"uagb-rm__separator\"><\/div><\/div>\n\n\n\n<div class=\"wp-block-uagb-restaurant-menu-child uagb-rest_menu__wrap uagb-rest_menu_wrap\"><div class=\"uagb-rm__content\"><div class=\"uagb-rm-details\"><p class=\"uagb-rm__title\">Fresa<\/p><div class=\"uagb-rm__desc\">Strawberry<\/div><\/div><span class=\"uagb-rm__price\"><\/span><\/div><div class=\"uagb-rm__separator\"><\/div><\/div>\n\n\n\n<div class=\"wp-block-uagb-restaurant-menu-child uagb-rest_menu__wrap uagb-rest_menu_wrap\"><div class=\"uagb-rm__content\"><div class=\"uagb-rm-details\"><p class=\"uagb-rm__title\">Leche malteada<\/p><div class=\"uagb-rm__desc\">Malted milk<\/div><\/div><span class=\"uagb-rm__price\"><\/span><\/div><div class=\"uagb-rm__separator\"><\/div><\/div>\n<\/div>\n<\/div>\n<\/div>\n\n\n\n<div class=\"wp-block-uagb-container uagb-block-0e4aeb45\">\n<div class=\"wp-block-uagb-container uagb-block-100dccef\">\n<div class=\"wp-block-uagb-advanced-heading uagb-block-059ac156\"><h3 class=\"uagb-heading-text\">Caf\u00e9 y t\u00e9 \/ coffee &amp; tea<\/h3><div class=\"uagb-separator\"><\/div><\/div>\n\n\n\n<div class=\"wp-block-uagb-restaurant-menu uagb-rm_desk-column-1 uagb-rmtablet-column-1 uagb-rm_mobile-column-1 uagb-block-8152bc3b uagb-rm__desk-column-1 uagb-rm__tablet-column-1 uagb-rm__mobile-column-1\">\n<div class=\"wp-block-uagb-restaurant-menu-child uagb-rest_menu__wrap uagb-rest_menu_wrap\"><div class=\"uagb-rm__content\"><div class=\"uagb-rm-details\"><p class=\"uagb-rm__title\">Caf\u00e9 con leche<\/p><div class=\"uagb-rm__desc\">Cuban coffee with milk<\/div><\/div><span class=\"uagb-rm__price\"><\/span><\/div><div class=\"uagb-rm__separator\"><\/div><\/div>\n\n\n\n<div class=\"wp-block-uagb-restaurant-menu-child uagb-rest_menu__wrap uagb-rest_menu_wrap\"><div class=\"uagb-rm__content\"><div class=\"uagb-rm-details\"><p class=\"uagb-rm__title\">Chocolate caliente<\/p><div class=\"uagb-rm__desc\">Hot chocolate<\/div><\/div><span class=\"uagb-rm__price\"><\/span><\/div><div class=\"uagb-rm__separator\"><\/div><\/div>\n\n\n\n<div class=\"wp-block-uagb-restaurant-menu-child uagb-rest_menu__wrap uagb-rest_menu_wrap\"><div class=\"uagb-rm__content\"><div class=\"uagb-rm-details\"><p class=\"uagb-rm__title\">T\u00e9 caliente<\/p><div class=\"uagb-rm__desc\">Hot tea<\/div><\/div><span class=\"uagb-rm__price\"><\/span><\/div><div class=\"uagb-rm__separator\"><\/div><\/div>\n\n\n\n<div class=\"wp-block-uagb-restaurant-menu-child uagb-rest_menu__wrap uagb-rest_menu_wrap\"><div class=\"uagb-rm__content\"><div class=\"uagb-rm-details\"><p class=\"uagb-rm__title\">Leche fr\u00eda<\/p><div class=\"uagb-rm__desc\">Cold milk<\/div><\/div><span class=\"uagb-rm__price\"><\/span><\/div><div class=\"uagb-rm__separator\"><\/div><\/div>\n\n\n\n<div class=\"wp-block-uagb-restaurant-menu-child uagb-rest_menu__wrap uagb-rest_menu_wrap\"><div class=\"uagb-rm__content\"><div class=\"uagb-rm-details\"><p class=\"uagb-rm__title\">Caf\u00e9 cubano<\/p><div class=\"uagb-rm__desc\">Cuban coffee<\/div><\/div><span class=\"uagb-rm__price\"><\/span><\/div><div class=\"uagb-rm__separator\"><\/div><\/div>\n<\/div>\n<\/div>\n\n\n\n<div class=\"wp-block-uagb-container uagb-block-179e4dfe\">\n<div class=\"wp-block-uagb-restaurant-menu uagb-rm_desk-column-1 uagb-rmtablet-column-1 uagb-rm_mobile-column-1 uagb-block-d63b829a uagb-rm__desk-column-1 uagb-rm__tablet-column-1 uagb-rm__mobile-column-1\">\n<div class=\"wp-block-uagb-restaurant-menu-child uagb-rest_menu__wrap uagb-rest_menu_wrap\"><div class=\"uagb-rm__content\"><div class=\"uagb-rm-details\"><p class=\"uagb-rm__title\">Cappuccino<\/p><div class=\"uagb-rm__desc\"><\/div><\/div><span class=\"uagb-rm__price\"><\/span><\/div><div class=\"uagb-rm__separator\"><\/div><\/div>\n\n\n\n<div class=\"wp-block-uagb-restaurant-menu-child uagb-rest_menu__wrap uagb-rest_menu_wrap\"><div class=\"uagb-rm__content\"><div class=\"uagb-rm-details\"><p class=\"uagb-rm__title\">Cafe Latte<\/p><div class=\"uagb-rm__desc\"><\/div><\/div><span class=\"uagb-rm__price\"><\/span><\/div><div class=\"uagb-rm__separator\"><\/div><\/div>\n\n\n\n<div class=\"wp-block-uagb-restaurant-menu-child uagb-rest_menu__wrap uagb-rest_menu_wrap\"><div class=\"uagb-rm__content\"><div class=\"uagb-rm-details\"><p class=\"uagb-rm__title\">Cortadito<\/p><div class=\"uagb-rm__desc\"><\/div><\/div><span class=\"uagb-rm__price\"><\/span><\/div><div class=\"uagb-rm__separator\"><\/div><\/div>\n\n\n\n<div class=\"wp-block-uagb-restaurant-menu-child uagb-rest_menu__wrap uagb-rest_menu_wrap\"><div class=\"uagb-rm__content\"><div class=\"uagb-rm-details\"><p class=\"uagb-rm__title\">Caf\u00e9 con leche de almendra<\/p><div class=\"uagb-rm__desc\">Coffee with almond milk<\/div><\/div><span class=\"uagb-rm__price\"><\/span><\/div><div class=\"uagb-rm__separator\"><\/div><\/div>\n\n\n\n<div class=\"wp-block-uagb-restaurant-menu-child uagb-rest_menu__wrap uagb-rest_menu_wrap\"><div class=\"uagb-rm__content\"><div class=\"uagb-rm-details\"><p class=\"uagb-rm__title\">Caf\u00e9 con leche evaporada<\/p><div class=\"uagb-rm__desc\">Coffee with evaporated milk<\/div><\/div><span class=\"uagb-rm__price\"><\/span><\/div><div class=\"uagb-rm__separator\"><\/div><\/div>\n\n\n\n<div class=\"wp-block-uagb-restaurant-menu-child uagb-rest_menu__wrap uagb-rest_menu_wrap\"><div class=\"uagb-rm__content\"><div class=\"uagb-rm-details\"><p class=\"uagb-rm__title\">Cortadito con leche evaporada<\/p><div class=\"uagb-rm__desc\">Coffee with evaporated milk (small)<\/div><\/div><span class=\"uagb-rm__price\"><\/span><\/div><div class=\"uagb-rm__separator\"><\/div><\/div>\n<\/div>\n<\/div>\n<\/div>\n<\/div>\n\n\n\n<div class=\"wp-block-uagb-container uagb-block-219e4911 alignfull uagb-is-root-container\"><div class=\"uagb-container-inner-blocks-wrap\">\n<div class=\"wp-block-uagb-advanced-heading uagb-block-9dc180af\"><h2 class=\"uagb-heading-text\">cerveza y vino \/ beer &amp; wine<\/h2><\/div>\n\n\n\n<div class=\"wp-block-uagb-container uagb-block-a59ad366\">\n<div class=\"wp-block-uagb-restaurant-menu uagb-rm_desk-column-1 uagb-rmtablet-column-1 uagb-rm_mobile-column-1 uagb-block-2abfe2ed uagb-rm__desk-column-1 uagb-rm__tablet-column-1 uagb-rm__mobile-column-1\">\n<div class=\"wp-block-uagb-restaurant-menu-child uagb-rest_menu__wrap uagb-rest_menu_wrap\"><div class=\"uagb-rm__content\"><div class=\"uagb-rm-details\"><p class=\"uagb-rm__title\">Cerveza nacional<\/p><div class=\"uagb-rm__desc\">Domestic beer<\/div><\/div><span class=\"uagb-rm__price\"><\/span><\/div><div class=\"uagb-rm__separator\"><\/div><\/div>\n\n\n\n<div class=\"wp-block-uagb-restaurant-menu-child uagb-rest_menu__wrap uagb-rest_menu_wrap\"><div class=\"uagb-rm__content\"><div class=\"uagb-rm-details\"><p class=\"uagb-rm__title\">Cerveza importada<\/p><div class=\"uagb-rm__desc\">Imported beer<\/div><\/div><span class=\"uagb-rm__price\"><\/span><\/div><div class=\"uagb-rm__separator\"><\/div><\/div>\n\n\n\n<div class=\"wp-block-uagb-restaurant-menu-child uagb-rest_menu__wrap uagb-rest_menu_wrap\"><div class=\"uagb-rm__content\"><div class=\"uagb-rm-details\"><p class=\"uagb-rm__title\">Botella de Vino de la casa<br>Red or White<\/p><div class=\"uagb-rm__desc\">Bottle of house wine &#8211; Red or withe<\/div><\/div><span class=\"uagb-rm__price\"><\/span><\/div><div class=\"uagb-rm__separator\"><\/div><\/div>\n\n\n\n<div class=\"wp-block-uagb-restaurant-menu-child uagb-rest_menu__wrap uagb-rest_menu_wrap\"><div class=\"uagb-rm__content\"><div class=\"uagb-rm-details\"><p class=\"uagb-rm__title\">Mini Botella las Lagunas<\/p><div class=\"uagb-rm__desc\">Mini bottle las Lagunas<\/div><\/div><span class=\"uagb-rm__price\"><\/span><\/div><div class=\"uagb-rm__separator\"><\/div><\/div>\n<\/div>\n\n\n\n<div class=\"wp-block-uagb-restaurant-menu uagb-rm_desk-column-1 uagb-rmtablet-column-1 uagb-rm_mobile-column-1 uagb-block-bbac85a8 uagb-rm__desk-column-1 uagb-rm__tablet-column-1 uagb-rm__mobile-column-1\">\n<div class=\"wp-block-uagb-restaurant-menu-child uagb-rest_menu__wrap uagb-rest_menu_wrap\"><div class=\"uagb-rm__content\"><div class=\"uagb-rm-details\"><p class=\"uagb-rm__title\">Copa de vino de la casa<\/p><div class=\"uagb-rm__desc\">Glass of wine<\/div><\/div><span class=\"uagb-rm__price\"><\/span><\/div><div class=\"uagb-rm__separator\"><\/div><\/div>\n\n\n\n<div class=\"wp-block-uagb-restaurant-menu-child uagb-rest_menu__wrap uagb-rest_menu_wrap\"><div class=\"uagb-rm__content\"><div class=\"uagb-rm-details\"><p class=\"uagb-rm__title\">1\/2 Caraf de sangr\u00eda<\/p><div class=\"uagb-rm__desc\">1\/2 Caraf of sangr\u00eda<\/div><\/div><span class=\"uagb-rm__price\"><\/span><\/div><div class=\"uagb-rm__separator\"><\/div><\/div>\n\n\n\n<div class=\"wp-block-uagb-restaurant-menu-child uagb-rest_menu__wrap uagb-rest_menu_wrap\"><div class=\"uagb-rm__content\"><div class=\"uagb-rm-details\"><p class=\"uagb-rm__title\">Caraf de sangr\u00eda<\/p><div class=\"uagb-rm__desc\">Caraf of sangr\u00eda<\/div><\/div><span class=\"uagb-rm__price\"><\/span><\/div><div class=\"uagb-rm__separator\"><\/div><\/div>\n\n\n\n<div class=\"wp-block-uagb-restaurant-menu-child uagb-rest_menu__wrap uagb-rest_menu_wrap\"><div class=\"uagb-rm__content\"><div class=\"uagb-rm-details\"><p class=\"uagb-rm__title\">Copa de sangr\u00eda<\/p><div class=\"uagb-rm__desc\">Glass of sangr\u00eda<\/div><\/div><span class=\"uagb-rm__price\"><\/span><\/div><div class=\"uagb-rm__separator\"><\/div><\/div>\n<\/div>\n<\/div>\n<\/div><\/div>","protected":false},"excerpt":{"rendered":"<p>Beverages Descubre una amplia selecci\u00f3n de platillos aut\u00e9nticos de sabor latino con una fusi\u00f3n cubana en nuestro restaurante. Desde cl\u00e1sicos [&hellip;]<\/p>","protected":false},"author":1,"featured_media":0,"parent":0,"menu_order":0,"comment_status":"closed","ping_status":"closed","template":"","meta":{"_uag_custom_page_level_css":"","_monsterinsights_skip_tracking":false,"_monsterinsights_sitenote_active":false,"_monsterinsights_sitenote_note":"","_monsterinsights_sitenote_category":0,"site-sidebar-layout":"default","site-content-layout":"","ast-site-content-layout":"","site-content-style":"default","site-sidebar-style":"default","ast-global-header-display":"","ast-banner-title-visibility":"","ast-main-header-display":"","ast-hfb-above-header-display":"","ast-hfb-below-header-display":"","ast-hfb-mobile-header-display":"","site-post-title":"disabled","ast-breadcrumbs-content":"","ast-featured-img":"","footer-sml-layout":"","theme-transparent-header-meta":"","adv-header-id-meta":"","stick-header-meta":"","header-above-stick-meta":"","header-main-stick-meta":"","header-below-stick-meta":"","astra-migrate-meta-layouts":"default","ast-page-background-enabled":"default","ast-page-background-meta":{"desktop":{"background-color":"var(--ast-global-color-4)","background-image":"","background-repeat":"repeat","background-position":"center center","background-size":"auto","background-attachment":"scroll","background-type":"","background-media":"","overlay-type":"","overlay-color":"","overlay-opacity":"","overlay-gradient":""},"tablet":{"background-color":"","background-image":"","background-repeat":"repeat","background-position":"center center","background-size":"auto","background-attachment":"scroll","background-type":"","background-media":"","overlay-type":"","overlay-color":"","overlay-opacity":"","overlay-gradient":""},"mobile":{"background-color":"","background-image":"","background-repeat":"repeat","background-position":"center center","background-size":"auto","background-attachment":"scroll","background-type":"","background-media":"","overlay-type":"","overlay-color":"","overlay-opacity":"","overlay-gradient":""}},"ast-content-background-meta":{"desktop":{"background-color":"var(--ast-global-color-5)","background-image":"","background-repeat":"repeat","background-position":"center center","background-size":"auto","background-attachment":"scroll","background-type":"","background-media":"","overlay-type":"","overlay-color":"","overlay-opacity":"","overlay-gradient":""},"tablet":{"background-color":"var(--ast-global-color-5)","background-image":"","background-repeat":"repeat","background-position":"center center","background-size":"auto","background-attachment":"scroll","background-type":"","background-media":"","overlay-type":"","overlay-color":"","overlay-opacity":"","overlay-gradient":""},"mobile":{"background-color":"var(--ast-global-color-5)","background-image":"","background-repeat":"repeat","background-position":"center center","background-size":"auto","background-attachment":"scroll","background-type":"","background-media":"","overlay-type":"","overlay-color":"","overlay-opacity":"","overlay-gradient":""}},"footnotes":""},"class_list":["post-810","page","type-page","status-publish","hentry"],"uagb_featured_image_src":{"full":false,"thumbnail":false,"medium":false,"medium_large":false,"large":false,"1536x1536":false,"2048x2048":false,"trp-custom-language-flag":false},"uagb_author_info":{"display_name":"latinamericancoralway","author_link":"https:\/\/latinamerican-coralway.com\/en\/author\/latinamericancoralway\/"},"uagb_comment_info":0,"uagb_excerpt":"Beverages Descubre una amplia selecci\u00f3n de platillos aut\u00e9nticos de sabor latino con una fusi\u00f3n cubana en nuestro restaurante. Desde cl\u00e1sicos [&hellip;]","_links":{"self":[{"href":"https:\/\/latinamerican-coralway.com\/en\/wp-json\/wp\/v2\/pages\/810","targetHints":{"allow":["GET"]}}],"collection":[{"href":"https:\/\/latinamerican-coralway.com\/en\/wp-json\/wp\/v2\/pages"}],"about":[{"href":"https:\/\/latinamerican-coralway.com\/en\/wp-json\/wp\/v2\/types\/page"}],"author":[{"embeddable":true,"href":"https:\/\/latinamerican-coralway.com\/en\/wp-json\/wp\/v2\/users\/1"}],"replies":[{"embeddable":true,"href":"https:\/\/latinamerican-coralway.com\/en\/wp-json\/wp\/v2\/comments?post=810"}],"version-history":[{"count":3,"href":"https:\/\/latinamerican-coralway.com\/en\/wp-json\/wp\/v2\/pages\/810\/revisions"}],"predecessor-version":[{"id":850,"href":"https:\/\/latinamerican-coralway.com\/en\/wp-json\/wp\/v2\/pages\/810\/revisions\/850"}],"wp:attachment":[{"href":"https:\/\/latinamerican-coralway.com\/en\/wp-json\/wp\/v2\/media?parent=810"}],"curies":[{"name":"wp","href":"https:\/\/api.w.org\/{rel}","templated":true}]}}