{"id":783,"date":"2024-06-12T03:27:10","date_gmt":"2024-06-12T03:27:10","guid":{"rendered":"https:\/\/latinamerican-coralway.com\/?page_id=783"},"modified":"2024-06-16T02:11:30","modified_gmt":"2024-06-16T02:11:30","slug":"sopas","status":"publish","type":"page","link":"https:\/\/latinamerican-coralway.com\/en\/sopas\/","title":{"rendered":"Sopas"},"content":{"rendered":"<div class=\"wp-block-uagb-container uagb-block-3781094d alignfull uagb-is-root-container\"><div class=\"uagb-container-inner-blocks-wrap\">\n<div class=\"wp-block-uagb-container uagb-block-3e82928a\">\n<div class=\"wp-block-uagb-advanced-heading uagb-block-3004eed3\"><h1 class=\"uagb-heading-text\">Sopas<\/h1><\/div>\n\n\n\n<div class=\"wp-block-uagb-advanced-heading uagb-block-a31b7d02\"><p class=\"uagb-heading-text\">Discover a wide selection of authentic Latin flavoured dishes with a Cuban fusion in our restaurant. From classics like ropa vieja to delicious seafood dishes, you'll find the essence of Latin with a Cuban fusion in every bite.<a href=\"https:\/\/latinamerican-coralway.com\/wp-content\/uploads\/2024\/05\/LatinCoralWay.pdf\"> See the full menu here<\/a><\/p><\/div>\n<\/div>\n\n\n\n<div class=\"wp-block-buttons is-layout-flex wp-block-buttons-is-layout-flex\">\n<div class=\"wp-block-button\"><a class=\"wp-block-button__link wp-element-button\" href=\"https:\/\/latinamerican-coralway.com\/en\/desayuno\/\">Breakfast<\/a><\/div>\n\n\n\n<div class=\"wp-block-button\"><a class=\"wp-block-button__link wp-element-button\" href=\"https:\/\/latinamerican-coralway.com\/en\/entremes\/\">APPETIZER<\/a><\/div>\n\n\n\n<div class=\"wp-block-button\"><a class=\"wp-block-button__link wp-element-button\" href=\"https:\/\/latinamerican-coralway.com\/en\/ensalada\/\">ENSALADA<\/a><\/div>\n\n\n\n<div class=\"wp-block-button\"><a class=\"wp-block-button__link wp-element-button\" href=\"https:\/\/latinamerican-coralway.com\/en\/sopas\/\">SOPA<\/a><\/div>\n\n\n\n<div class=\"wp-block-button\"><a class=\"wp-block-button__link wp-element-button\" href=\"https:\/\/latinamerican-coralway.com\/en\/sandwiches\/\">SANDWICHES<\/a><\/div>\n\n\n\n<div class=\"wp-block-button\"><a class=\"wp-block-button__link wp-element-button\" href=\"https:\/\/latinamerican-coralway.com\/en\/especiales\/\">ESPECIALES<\/a><\/div>\n\n\n\n<div class=\"wp-block-button\"><a class=\"wp-block-button__link wp-element-button\" href=\"https:\/\/latinamerican-coralway.com\/en\/carnes\/\">CARNES<\/a><\/div>\n\n\n\n<div class=\"wp-block-button\"><a class=\"wp-block-button__link wp-element-button\" href=\"https:\/\/latinamerican-coralway.com\/en\/pescado\/\">PESCADO<\/a><\/div>\n\n\n\n<div class=\"wp-block-button\"><a class=\"wp-block-button__link wp-element-button\" href=\"https:\/\/latinamerican-coralway.com\/en\/pollo\/\">POLLO<\/a><\/div>\n\n\n\n<div class=\"wp-block-button\"><a class=\"wp-block-button__link wp-element-button\" href=\"https:\/\/latinamerican-coralway.com\/en\/pastas\/\">PASTAS<\/a><\/div>\n\n\n\n<div class=\"wp-block-button\"><a class=\"wp-block-button__link wp-element-button\" href=\"https:\/\/latinamerican-coralway.com\/en\/acompanantes-2\/\">ACOMPA\u00d1ANTES<\/a><\/div>\n\n\n\n<div class=\"wp-block-button\"><a class=\"wp-block-button__link wp-element-button\" href=\"https:\/\/latinamerican-coralway.com\/en\/combos\/\">COMBOS<\/a><\/div>\n\n\n\n<div class=\"wp-block-button\"><a class=\"wp-block-button__link wp-element-button\" href=\"https:\/\/latinamerican-coralway.com\/en\/beverages\/\">BEVERAGES<\/a><\/div>\n\n\n\n<div class=\"wp-block-button\"><a class=\"wp-block-button__link wp-element-button\" href=\"https:\/\/latinamerican-coralway.com\/en\/postres\/\">POSTRES<\/a><\/div>\n<\/div>\n\n\n\n<div class=\"wp-block-uagb-container uagb-block-b24033b2\">\n<div class=\"wp-block-uagb-image aligncenter uagb-block-f8bc17d8 wp-block-uagb-image--layout-default wp-block-uagb-image--effect-static wp-block-uagb-image--align-center\"><figure class=\"wp-block-uagb-image__figure\"><img decoding=\"async\" srcset=\"https:\/\/latinamerican-coralway.com\/wp-content\/uploads\/2024\/06\/c89c1443-ccce-4a0c-b07a-01dbe092ed82-edited.avif ,https:\/\/latinamerican-coralway.com\/wp-content\/uploads\/2024\/06\/c89c1443-ccce-4a0c-b07a-01dbe092ed82.avif 780w, https:\/\/latinamerican-coralway.com\/wp-content\/uploads\/2024\/06\/c89c1443-ccce-4a0c-b07a-01dbe092ed82.avif 360w\" sizes=\"auto, (max-width: 480px) 150px\" src=\"https:\/\/latinamerican-coralway.com\/wp-content\/uploads\/2024\/06\/c89c1443-ccce-4a0c-b07a-01dbe092ed82-edited.avif\" alt=\"\" class=\"uag-image-780\" width=\"1200\" height=\"400\" title=\"c89c1443-ccce-4a0c-b07a-01dbe092ed82\" loading=\"lazy\" role=\"img\"\/><\/figure><\/div>\n<\/div>\n<\/div><\/div>\n\n\n\n<div class=\"wp-block-uagb-container uagb-block-a6c2e8fd alignfull uagb-is-root-container\"><div class=\"uagb-container-inner-blocks-wrap\">\n<div class=\"wp-block-uagb-container uagb-block-40e77103\">\n<div class=\"wp-block-uagb-image alignleft uagb-block-324d5fdf wp-block-uagb-image--layout-default wp-block-uagb-image--effect-static wp-block-uagb-image--align-left\"><figure class=\"wp-block-uagb-image__figure\"><img decoding=\"async\" srcset=\"https:\/\/latinamerican-coralway.com\/wp-content\/uploads\/2024\/06\/o-edited.png ,https:\/\/latinamerican-coralway.com\/wp-content\/uploads\/2024\/06\/o.png 780w, https:\/\/latinamerican-coralway.com\/wp-content\/uploads\/2024\/06\/o.png 360w\" sizes=\"auto, (max-width: 480px) 150px\" src=\"https:\/\/latinamerican-coralway.com\/wp-content\/uploads\/2024\/06\/o-edited.png\" alt=\"\" class=\"uag-image-788\" width=\"480\" height=\"450\" title=\"o\" loading=\"lazy\" role=\"img\"\/><\/figure><\/div>\n<\/div>\n\n\n\n<div class=\"wp-block-uagb-container uagb-block-29fa2b13\">\n<div class=\"wp-block-uagb-advanced-heading uagb-block-334646ed\"><h2 class=\"uagb-heading-text\">Sopas \/ soups<\/h2><\/div>\n\n\n\n<div class=\"wp-block-uagb-container uagb-block-383150b0\">\n<div class=\"wp-block-uagb-restaurant-menu uagb-rm_desk-column-1 uagb-rmtablet-column-1 uagb-rm_mobile-column-1 uagb-block-175ebc2b uagb-rm__desk-column-1 uagb-rm__tablet-column-1 uagb-rm__mobile-column-1\">\n<div class=\"wp-block-uagb-restaurant-menu-child uagb-rest_menu__wrap uagb-rest_menu_wrap\"><div class=\"uagb-rm__content\"><div class=\"uagb-rm-details\"><p class=\"uagb-rm__title\">Sopa de pollo<\/p><div class=\"uagb-rm__desc\">Chicken soup<\/div><\/div><span class=\"uagb-rm__price\"><\/span><\/div><div class=\"uagb-rm__separator\"><\/div><\/div>\n\n\n\n<div class=\"wp-block-uagb-restaurant-menu-child uagb-rest_menu__wrap uagb-rest_menu_wrap\"><div class=\"uagb-rm__content\"><div class=\"uagb-rm-details\"><p class=\"uagb-rm__title\">Sopa o crema del d\u00eda<\/p><div class=\"uagb-rm__desc\">Soup or cream of the day<\/div><\/div><span class=\"uagb-rm__price\"><\/span><\/div><div class=\"uagb-rm__separator\"><\/div><\/div>\n<\/div>\n<\/div>\n\n\n\n<div class=\"wp-block-uagb-container uagb-block-9de0db18\">\n<div class=\"wp-block-uagb-restaurant-menu uagb-rm_desk-column-1 uagb-rmtablet-column-1 uagb-rm_mobile-column-1 uagb-block-241f693c uagb-rm__desk-column-1 uagb-rm__tablet-column-1 uagb-rm__mobile-column-1\">\n<div class=\"wp-block-uagb-restaurant-menu-child uagb-rest_menu__wrap uagb-rest_menu_wrap\"><div class=\"uagb-rm__content\"><div class=\"uagb-rm-details\"><p class=\"uagb-rm__title\">Frijol negro<\/p><div class=\"uagb-rm__desc\">Black beans<\/div><\/div><span class=\"uagb-rm__price\"><\/span><\/div><div class=\"uagb-rm__separator\"><\/div><\/div>\n<\/div>\n<\/div>\n<\/div>\n<\/div><\/div>","protected":false},"excerpt":{"rendered":"<p>Sopas Descubre una amplia selecci\u00f3n de platillos aut\u00e9nticos de sabor latino con una fusi\u00f3n cubana en nuestro restaurante. Desde cl\u00e1sicos [&hellip;]<\/p>","protected":false},"author":1,"featured_media":0,"parent":0,"menu_order":0,"comment_status":"closed","ping_status":"closed","template":"","meta":{"_uag_custom_page_level_css":"","_monsterinsights_skip_tracking":false,"_monsterinsights_sitenote_active":false,"_monsterinsights_sitenote_note":"","_monsterinsights_sitenote_category":0,"site-sidebar-layout":"default","site-content-layout":"","ast-site-content-layout":"","site-content-style":"default","site-sidebar-style":"default","ast-global-header-display":"","ast-banner-title-visibility":"","ast-main-header-display":"","ast-hfb-above-header-display":"","ast-hfb-below-header-display":"","ast-hfb-mobile-header-display":"","site-post-title":"disabled","ast-breadcrumbs-content":"","ast-featured-img":"","footer-sml-layout":"","theme-transparent-header-meta":"","adv-header-id-meta":"","stick-header-meta":"","header-above-stick-meta":"","header-main-stick-meta":"","header-below-stick-meta":"","astra-migrate-meta-layouts":"default","ast-page-background-enabled":"default","ast-page-background-meta":{"desktop":{"background-color":"var(--ast-global-color-4)","background-image":"","background-repeat":"repeat","background-position":"center center","background-size":"auto","background-attachment":"scroll","background-type":"","background-media":"","overlay-type":"","overlay-color":"","overlay-opacity":"","overlay-gradient":""},"tablet":{"background-color":"","background-image":"","background-repeat":"repeat","background-position":"center center","background-size":"auto","background-attachment":"scroll","background-type":"","background-media":"","overlay-type":"","overlay-color":"","overlay-opacity":"","overlay-gradient":""},"mobile":{"background-color":"","background-image":"","background-repeat":"repeat","background-position":"center center","background-size":"auto","background-attachment":"scroll","background-type":"","background-media":"","overlay-type":"","overlay-color":"","overlay-opacity":"","overlay-gradient":""}},"ast-content-background-meta":{"desktop":{"background-color":"var(--ast-global-color-5)","background-image":"","background-repeat":"repeat","background-position":"center center","background-size":"auto","background-attachment":"scroll","background-type":"","background-media":"","overlay-type":"","overlay-color":"","overlay-opacity":"","overlay-gradient":""},"tablet":{"background-color":"var(--ast-global-color-5)","background-image":"","background-repeat":"repeat","background-position":"center center","background-size":"auto","background-attachment":"scroll","background-type":"","background-media":"","overlay-type":"","overlay-color":"","overlay-opacity":"","overlay-gradient":""},"mobile":{"background-color":"var(--ast-global-color-5)","background-image":"","background-repeat":"repeat","background-position":"center center","background-size":"auto","background-attachment":"scroll","background-type":"","background-media":"","overlay-type":"","overlay-color":"","overlay-opacity":"","overlay-gradient":""}},"footnotes":""},"class_list":["post-783","page","type-page","status-publish","hentry"],"uagb_featured_image_src":{"full":false,"thumbnail":false,"medium":false,"medium_large":false,"large":false,"1536x1536":false,"2048x2048":false,"trp-custom-language-flag":false},"uagb_author_info":{"display_name":"latinamericancoralway","author_link":"https:\/\/latinamerican-coralway.com\/en\/author\/latinamericancoralway\/"},"uagb_comment_info":0,"uagb_excerpt":"Sopas Descubre una amplia selecci\u00f3n de platillos aut\u00e9nticos de sabor latino con una fusi\u00f3n cubana en nuestro restaurante. Desde cl\u00e1sicos [&hellip;]","_links":{"self":[{"href":"https:\/\/latinamerican-coralway.com\/en\/wp-json\/wp\/v2\/pages\/783","targetHints":{"allow":["GET"]}}],"collection":[{"href":"https:\/\/latinamerican-coralway.com\/en\/wp-json\/wp\/v2\/pages"}],"about":[{"href":"https:\/\/latinamerican-coralway.com\/en\/wp-json\/wp\/v2\/types\/page"}],"author":[{"embeddable":true,"href":"https:\/\/latinamerican-coralway.com\/en\/wp-json\/wp\/v2\/users\/1"}],"replies":[{"embeddable":true,"href":"https:\/\/latinamerican-coralway.com\/en\/wp-json\/wp\/v2\/comments?post=783"}],"version-history":[{"count":5,"href":"https:\/\/latinamerican-coralway.com\/en\/wp-json\/wp\/v2\/pages\/783\/revisions"}],"predecessor-version":[{"id":831,"href":"https:\/\/latinamerican-coralway.com\/en\/wp-json\/wp\/v2\/pages\/783\/revisions\/831"}],"wp:attachment":[{"href":"https:\/\/latinamerican-coralway.com\/en\/wp-json\/wp\/v2\/media?parent=783"}],"curies":[{"name":"wp","href":"https:\/\/api.w.org\/{rel}","templated":true}]}}