{"id":633,"date":"2024-05-27T02:27:38","date_gmt":"2024-05-27T02:27:38","guid":{"rendered":"https:\/\/latinamerican-coralway.com\/home-2\/"},"modified":"2025-05-06T17:53:28","modified_gmt":"2025-05-06T17:53:28","slug":"home-2","status":"publish","type":"page","link":"https:\/\/latinamerican-coralway.com\/en\/","title":{"rendered":"Home"},"content":{"rendered":"<div class=\"wp-block-uagb-container uagb-block-8e91aa94 default uagb-is-root-container\">\n<div class=\"wp-block-uagb-container uagb-block-7309a40c\">\n<div class=\"wp-block-uagb-container uagb-block-63609bfe alignfull uagb-is-root-container\"><div class=\"uagb-container-inner-blocks-wrap\">\n<div class=\"wp-block-columns is-layout-flex wp-container-core-columns-is-layout-28f84493 wp-block-columns-is-layout-flex\">\n<div class=\"wp-block-column is-layout-flow wp-block-column-is-layout-flow\" style=\"flex-basis:100%\">\n<figure class=\"wp-block-image aligncenter size-medium\"><img loading=\"lazy\" decoding=\"async\" width=\"300\" height=\"137\" src=\"https:\/\/latinamerican-coralway.com\/wp-content\/uploads\/2022\/12\/cropped-cropped-logo-latin-web-site-1-300x137.png\" alt=\"\" class=\"wp-image-699\" style=\"object-fit:cover\" srcset=\"https:\/\/latinamerican-coralway.com\/wp-content\/uploads\/2022\/12\/cropped-cropped-logo-latin-web-site-1-300x137.png 300w, https:\/\/latinamerican-coralway.com\/wp-content\/uploads\/2022\/12\/cropped-cropped-logo-latin-web-site-1-1024x467.png 1024w, https:\/\/latinamerican-coralway.com\/wp-content\/uploads\/2022\/12\/cropped-cropped-logo-latin-web-site-1-768x350.png 768w, https:\/\/latinamerican-coralway.com\/wp-content\/uploads\/2022\/12\/cropped-cropped-logo-latin-web-site-1-18x8.png 18w, https:\/\/latinamerican-coralway.com\/wp-content\/uploads\/2022\/12\/cropped-cropped-logo-latin-web-site-1-120x55.png 120w, https:\/\/latinamerican-coralway.com\/wp-content\/uploads\/2022\/12\/cropped-cropped-logo-latin-web-site-1.png 1073w\" sizes=\"auto, (max-width: 300px) 100vw, 300px\" \/><\/figure>\n<\/div>\n<\/div>\n\n\n\n<div class=\"wp-block-uagb-advanced-heading uagb-block-654295c8\"><h1 class=\"uagb-heading-text\">AUTHENTIC LATIN FLAVORS WITH CUBAN FUSION<\/h1><p class=\"uagb-desc-text\">Immerse yourself in a vibrant culinary experience in the heart of Miami.<\/p><\/div>\n\n\n\n<div class=\"wp-block-uagb-buttons uagb-buttons__outer-wrap uagb-btn__default-btn uagb-btn-tablet__default-btn uagb-btn-mobile__default-btn uagb-block-d08fb855\"><div class=\"uagb-buttons__wrap uagb-buttons-layout-wrap\">\n<div class=\"wp-block-uagb-buttons-child uagb-buttons__outer-wrap uagb-block-8436067a wp-block-button\"><div class=\"uagb-button__wrapper\"><a class=\"uagb-buttons-repeater wp-block-button__link\" aria-label=\"\" href=\"https:\/\/www.ubereats.com\/store\/latin-american-coral-way\/gb0KeraqQl6wCxlu5Olc7w?diningMode=DELIVERY\" rel=\"follow noopener\" target=\"_self\" role=\"button\"><div class=\"uagb-button__link\">\u00a1Order now!<\/div><\/a><\/div><\/div>\n\n\n\n<div class=\"wp-block-uagb-buttons-child uagb-buttons__outer-wrap uagb-block-ee20258f wp-block-button\"><div class=\"uagb-button__wrapper\"><a class=\"uagb-buttons-repeater ast-outline-button\" aria-label=\"\" style=\"border-width:revert-layer\" href=\"https:\/\/latinamerican-coralway.com\/en\/menu-2\/\" rel=\"follow noopener\" target=\"_self\" role=\"button\"><div class=\"uagb-button__link\">See Menu<\/div><\/a><\/div><\/div>\n<\/div><\/div>\n\n\n\n<div class=\"wp-block-uagb-container uagb-block-b24033b2\">\n<figure style=\"margin-top:0;margin-right:0;margin-bottom:0;margin-left:0;padding-top:0;padding-right:0;padding-bottom:0;padding-left:0\" class=\"wp-block-video\"><video height=\"720\" style=\"aspect-ratio: 1280 \/ 720;\" width=\"1280\" autoplay loop muted preload=\"auto\" src=\"http:\/\/latinamerican-coralway.com\/wp-content\/uploads\/2024\/02\/0216-1.mp4\"><\/video><\/figure>\n<\/div>\n<\/div><\/div>\n<\/div>\n<\/div>\n\n\n\n<div class=\"wp-block-uagb-container uagb-block-bb39cd28 alignfull uagb-is-root-container\"><div class=\"uagb-container-inner-blocks-wrap\">\n<div class=\"wp-block-uagb-container uagb-block-80e7e6e0\">\n<div class=\"wp-block-uagb-info-box uagb-block-87a940d4 uagb-infobox__content-wrap  uagb-infobox-icon-above-title uagb-infobox-image-valign-top wp-block-uagb-info-box--has-margin\"><div class=\"uagb-infobox-margin-wrapper\"><div class=\"uagb-ifb-content\"><div class=\"uagb-ifb-title-wrap\"><h2 class=\"uagb-ifb-title\">Our History<\/h2><\/div><p class=\"uagb-ifb-desc\">Latin American Coral Way was established with a passion for traditional Latin-Cuban cuisine to offer a unique cultural experience to our customers.<\/p><div class=\"uagb-ifb-button-wrapper wp-block-button\"><a href=\"https:\/\/latinamerican-coralway.com\/en\/about\/\" class=\"uagb-infobox-cta-link wp-block-button__link\" target=\"_self\" rel=\"noopener noreferrer\" onclick=\"return true;\" alt=\"\"><span class=\"uagb-inline-editing\">Learn more<\/span><\/a><\/div><\/div><\/div><\/div>\n<\/div>\n\n\n\n<div class=\"wp-block-uagb-container uagb-block-1d871510\">\n<div class=\"wp-block-uagb-image alignleft uagb-block-282d8c05 wp-block-uagb-image--layout-default wp-block-uagb-image--effect-static wp-block-uagb-image--align-left\"><figure class=\"wp-block-uagb-image__figure\"><img decoding=\"async\" srcset=\"https:\/\/latinamerican-coralway.com\/wp-content\/uploads\/2024\/02\/DSC09635.jpg ,https:\/\/latinamerican-coralway.com\/wp-content\/uploads\/2024\/02\/DSC09635.jpg 780w, https:\/\/latinamerican-coralway.com\/wp-content\/uploads\/2024\/02\/DSC09635.jpg 360w\" sizes=\"auto, (max-width: 480px) 150px\" src=\"https:\/\/latinamerican-coralway.com\/wp-content\/uploads\/2024\/02\/DSC09635.jpg\" alt=\"\" class=\"uag-image-424\" width=\"280\" height=\"400\" title=\"\" loading=\"lazy\" role=\"img\"\/><\/figure><\/div>\n\n\n\n<div class=\"wp-block-uagb-image alignleft uagb-block-e9d67f71 wp-block-uagb-image--layout-default wp-block-uagb-image--effect-static wp-block-uagb-image--align-left\"><figure class=\"wp-block-uagb-image__figure\"><img decoding=\"async\" srcset=\"https:\/\/latinamerican-coralway.com\/wp-content\/uploads\/2024\/02\/DSC09643.jpg ,https:\/\/latinamerican-coralway.com\/wp-content\/uploads\/2024\/02\/DSC09643.jpg 780w, https:\/\/latinamerican-coralway.com\/wp-content\/uploads\/2024\/02\/DSC09643.jpg 360w\" sizes=\"auto, (max-width: 480px) 150px\" src=\"https:\/\/latinamerican-coralway.com\/wp-content\/uploads\/2024\/02\/DSC09643.jpg\" alt=\"\" class=\"uag-image-420\" width=\"280\" height=\"400\" title=\"\" loading=\"lazy\" role=\"img\"\/><\/figure><\/div>\n<\/div>\n<\/div><\/div>\n\n\n\n<div class=\"wp-block-uagb-container uagb-block-ff78c359 alignfull uagb-is-root-container\"><div class=\"uagb-container-inner-blocks-wrap\">\n<div class=\"wp-block-uagb-advanced-heading uagb-block-ce0c498a\"><h2 class=\"uagb-heading-text\">our menu<\/h2><p class=\"uagb-desc-text\">If you want to see our more detailed menu <a href=\"https:\/\/latinamerican-coralway.com\/en\/menu-2\/\" data-type=\"page\" data-id=\"635\">click here<\/a><\/p><\/div>\n\n\n\n<div class=\"wp-block-uagb-container uagb-block-9d2193b5\">\n<div class=\"wp-block-uagb-container uagb-block-b2d0c5ed\">\n<div class=\"wp-block-uagb-image alignleft uagb-block-23b70f78 wp-block-uagb-image--layout-default wp-block-uagb-image--effect-static wp-block-uagb-image--align-left\"><figure class=\"wp-block-uagb-image__figure\"><img decoding=\"async\" srcset=\"https:\/\/latinamerican-coralway.com\/wp-content\/uploads\/2024\/02\/DSC08914-1.jpg ,https:\/\/latinamerican-coralway.com\/wp-content\/uploads\/2024\/02\/DSC08914-1.jpg 780w, https:\/\/latinamerican-coralway.com\/wp-content\/uploads\/2024\/02\/DSC08914-1.jpg 360w\" sizes=\"auto, (max-width: 480px) 150px\" src=\"https:\/\/latinamerican-coralway.com\/wp-content\/uploads\/2024\/02\/DSC08914-1.jpg\" alt=\"\" class=\"uag-image-413\" width=\"480\" height=\"530\" title=\"\" loading=\"lazy\" role=\"img\"\/><\/figure><\/div>\n<\/div>\n\n\n\n<div class=\"wp-block-uagb-container uagb-block-7c6c0201\">\n<div class=\"wp-block-uagb-container uagb-block-5811ac82\">\n<div class=\"wp-block-uagb-advanced-heading uagb-block-117efe68\"><h3 class=\"uagb-heading-text\">specials<\/h3><div class=\"uagb-separator\"><\/div><\/div>\n\n\n\n<div class=\"wp-block-uagb-restaurant-menu uagb-block-103c8d25 uagb-rm__desk-column-1 uagb-rm__tablet-column-1 uagb-rm__mobile-column-1\">\n<div class=\"wp-block-uagb-restaurant-menu-child uagb-rest_menu__wrap\"><div class=\"uagb-rm__content\"><div class=\"uagb-rm-details\"><p class=\"uagb-rm__title\">Masas de puerco fritas<\/p><div class=\"uagb-rm__desc\">Fried pork chunk<\/div><\/div><span class=\"uagb-rm__price\"><\/span><\/div><div class=\"uagb-rm__separator\"><\/div><\/div>\n\n\n\n<div class=\"wp-block-uagb-restaurant-menu-child uagb-rest_menu__wrap\"><div class=\"uagb-rm__content\"><div class=\"uagb-rm-details\"><p class=\"uagb-rm__title\">Ropa Vieja<\/p><div class=\"uagb-rm__desc\">Shredded beef creole style<\/div><\/div><span class=\"uagb-rm__price\"><\/span><\/div><div class=\"uagb-rm__separator\"><\/div><\/div>\n\n\n\n<div class=\"wp-block-uagb-restaurant-menu-child uagb-rest_menu__wrap\"><div class=\"uagb-rm__content\"><div class=\"uagb-rm-details\"><p class=\"uagb-rm__title\">Boliche<\/p><div class=\"uagb-rm__desc\">Pot roast<\/div><\/div><span class=\"uagb-rm__price\"><\/span><\/div><div class=\"uagb-rm__separator\"><\/div><\/div>\n\n\n\n<div class=\"wp-block-uagb-restaurant-menu-child uagb-rest_menu__wrap\"><div class=\"uagb-rm__content\"><div class=\"uagb-rm-details\"><p class=\"uagb-rm__title\">Chicharr\u00f3n de pollo<\/p><div class=\"uagb-rm__desc\">Fried chicken chunks<\/div><\/div><span class=\"uagb-rm__price\"><\/span><\/div><div class=\"uagb-rm__separator\"><\/div><\/div>\n<\/div>\n<\/div>\n\n\n\n<div class=\"wp-block-uagb-container uagb-block-e002ea85\">\n<div class=\"wp-block-uagb-advanced-heading uagb-block-1e00d68a\"><h3 class=\"uagb-heading-text\">meats<\/h3><div class=\"uagb-separator\"><\/div><\/div>\n\n\n\n<div class=\"wp-block-uagb-restaurant-menu uagb-block-3408bb79 uagb-rm__desk-column-1 uagb-rm__tablet-column-1 uagb-rm__mobile-column-1\">\n<div class=\"wp-block-uagb-restaurant-menu-child uagb-rest_menu__wrap\"><div class=\"uagb-rm__content\"><div class=\"uagb-rm-details\"><p class=\"uagb-rm__title\">Bistec empanizado<\/p><div class=\"uagb-rm__desc\">Breaded steak<\/div><\/div><span class=\"uagb-rm__price\"><\/span><\/div><div class=\"uagb-rm__separator\"><\/div><\/div>\n\n\n\n<div class=\"wp-block-uagb-restaurant-menu-child uagb-rest_menu__wrap\"><div class=\"uagb-rm__content\"><div class=\"uagb-rm-details\"><p class=\"uagb-rm__title\">Vaca frita<\/p><div class=\"uagb-rm__desc\">Fried shredded flank steak<\/div><\/div><span class=\"uagb-rm__price\"><\/span><\/div><div class=\"uagb-rm__separator\"><\/div><\/div>\n\n\n\n<div class=\"wp-block-uagb-restaurant-menu-child uagb-rest_menu__wrap\"><div class=\"uagb-rm__content\"><div class=\"uagb-rm-details\"><p class=\"uagb-rm__title\">Lech\u00f3n asado<\/p><div class=\"uagb-rm__desc\">Roast pork<\/div><\/div><span class=\"uagb-rm__price\"><\/span><\/div><div class=\"uagb-rm__separator\"><\/div><\/div>\n\n\n\n<div class=\"wp-block-uagb-restaurant-menu-child uagb-rest_menu__wrap\"><div class=\"uagb-rm__content\"><div class=\"uagb-rm-details\"><p class=\"uagb-rm__title\">Churrasco<\/p><div class=\"uagb-rm__desc\">Grilled skirt steak<\/div><\/div><span class=\"uagb-rm__price\"><\/span><\/div><div class=\"uagb-rm__separator\"><\/div><\/div>\n<\/div>\n<\/div>\n<\/div>\n<\/div>\n<\/div><\/div>\n\n\n\n<div class=\"wp-block-uagb-container uagb-block-f4c606a3 alignfull uagb-is-root-container\"><div class=\"uagb-container-inner-blocks-wrap\">\n<div class=\"wp-block-uagb-container uagb-block-dae24e3f\">\n<div class=\"wp-block-uagb-advanced-heading uagb-block-8e65e1ed\"><h2 class=\"uagb-heading-text\">Discover the authentic Latin flavors with Cuban fusion<\/h2><\/div>\n\n\n\n<div class=\"wp-block-uagb-info-box uagb-block-93ca75fc uagb-infobox__content-wrap  uagb-infobox-icon-above-title uagb-infobox-image-valign-top wp-block-uagb-info-box--has-margin\"><div class=\"uagb-infobox-margin-wrapper\"><div class=\"uagb-ifb-content\"><div class=\"uagb-ifb-title-wrap\"><\/div><p class=\"uagb-ifb-desc\">Embark on a unique culinary experience and savor the Latin essence with Cuban fusion in every bite at our pleasant location in Miami.<\/p><div class=\"uagb-ifb-button-wrapper wp-block-button\"><a href=\"https:\/\/latinamerican-coralway.com\/en\/contact\/\" class=\"uagb-infobox-cta-link wp-block-button__link\" target=\"_self\" rel=\"noopener noreferrer\" onclick=\"return true;\" alt=\"\"><span class=\"uagb-inline-editing\">\u00a1Order Now!<\/span><\/a><\/div><\/div><\/div><\/div>\n<\/div>\n<\/div><\/div>\n\n\n\n<div class=\"wp-block-uagb-container uagb-block-3781094d alignfull uagb-is-root-container\"><div class=\"uagb-container-inner-blocks-wrap\">\n<div class=\"wp-block-uagb-container uagb-block-3e82928a\">\n<div class=\"wp-block-uagb-advanced-heading uagb-block-3004eed3\"><h2 class=\"uagb-heading-text\">About the host.<\/h2><\/div>\n\n\n\n<div class=\"wp-block-uagb-advanced-heading uagb-block-a31b7d02\"><p class=\"uagb-heading-text\">Our chef, renowned for his traditional recipes, is dedicated to create each dish with mastery to offer you an authentic Latin-Cuban experience.<\/p><p class=\"uagb-desc-text\">Since our inception, we have been dedicated to providing a culinary journey that exudes cultural richness and warmth. Step into our cozy refuge and savor the Latin essence in every bite.<\/p><\/div>\n<\/div>\n\n\n\n<div class=\"wp-block-uagb-container uagb-block-131695ef\">\n<div class=\"wp-block-uagb-image aligncenter uagb-block-f8bc17d8 wp-block-uagb-image--layout-default wp-block-uagb-image--effect-static wp-block-uagb-image--align-center\"><figure class=\"wp-block-uagb-image__figure\"><img decoding=\"async\" srcset=\"https:\/\/latinamerican-coralway.com\/wp-content\/uploads\/2024\/02\/DSC09069.jpg \" sizes=\"auto, (max-width: 480px) 150px\" src=\"https:\/\/latinamerican-coralway.com\/wp-content\/uploads\/2024\/02\/DSC09069.jpg\" alt=\"\" class=\"uag-image-412\" width=\"1200\" height=\"400\" title=\"\" loading=\"lazy\" role=\"img\"\/><\/figure><\/div>\n<\/div>\n<\/div><\/div>\n\n\n\n<div class=\"wp-block-uagb-container uagb-block-804c312f alignfull uagb-is-root-container\"><div class=\"uagb-container-inner-blocks-wrap\">\n<h2 class=\"wp-block-heading\">SERVICIO DE CATERING Y EVENTOS<br><\/h2>\n\n\n\n<div class=\"wp-block-columns is-layout-flex wp-container-core-columns-is-layout-28f84493 wp-block-columns-is-layout-flex\">\n<div class=\"wp-block-column is-layout-flow wp-block-column-is-layout-flow\" style=\"flex-basis:100%\">\n<div class=\"wp-block-columns is-layout-flex wp-container-core-columns-is-layout-28f84493 wp-block-columns-is-layout-flex\">\n<div class=\"wp-block-column is-layout-flow wp-block-column-is-layout-flow\" style=\"flex-basis:100%\">\n<div class=\"wp-block-uagb-info-box uagb-block-21e61209 uagb-infobox__content-wrap  uagb-infobox-icon-above-title uagb-infobox-image-valign-top wp-block-uagb-info-box--has-margin\"><div class=\"uagb-infobox-margin-wrapper\"><div class=\"uagb-ifb-content\"><div class=\"uagb-ifb-title-wrap\"><\/div><p class=\"uagb-ifb-desc\"><br>Correo Electronico<\/p><div class=\"uagb-ifb-button-wrapper wp-block-button\"><a href=\"https:\/\/latinamerican-coralway.com\/en\/contact\/\" class=\"uagb-infobox-cta-link wp-block-button__link\" target=\"_self\" rel=\"noopener noreferrer\" onclick=\"return true;\" alt=\"\"><span class=\"uagb-inline-editing\">latinamericancoralway24@gmail.com<\/span><\/a><\/div><\/div><\/div><\/div>\n<\/div>\n<\/div>\n<\/div>\n<\/div>\n<\/div><\/div>\n\n\n\n<div class=\"wp-block-uagb-container uagb-block-ae96d491 alignfull uagb-is-root-container\"><div class=\"uagb-container-inner-blocks-wrap\">\n<div class=\"wp-block-uagb-advanced-heading uagb-block-dd0bcc1f\"><h2 class=\"uagb-heading-text\">Testimonials<\/h2><p class=\"uagb-desc-text\">What our customers say<\/p><\/div>\n\n\n\n<div class=\"wp-block-uagb-container uagb-block-dd89c5c0\">\n<div class=\"wp-block-uagb-container uagb-block-3751e44b\">\n<div class=\"wp-block-uagb-star-rating uagb-block-d9d6f63a\"><div class=\"uag-star-rating\" title=\"5\/5\"><span class=\"uag-star\">\u2605<\/span><span class=\"uag-star\">\u2605<\/span><span class=\"uag-star\">\u2605<\/span><span class=\"uag-star\">\u2605<\/span><span class=\"uag-star\">\u2605<\/span><\/div><\/div>\n\n\n\n<div class=\"wp-block-uagb-testimonial uagb-slick-carousel uagb-tm__arrow-outside uagb-block-3d69fb25 uagb-post__carousel_notset uagb-post__carousel_notset-tablet uagb-post__carousel_notset-mobile\"><div class=\"is-carousel uagb-tm__columns-1 uagb-tm__items\"><div class=\"uagb-testimonial__wrap  uagb-tm__imgicon-style-circle uagb-tm__image-position-bottom uagb-tm__bg-type-none\"><div class=\"uagb-tm__content\"><div class=\"uagb-tm__overlay\"><\/div><div class=\"uagb-tm__text-wrap\"><div class=\"uagb-tm__desc\">La comida est\u00e1 buen\u00edsima y el servicio es tremendo. De verdad que todo estuvo de lo m\u00e1s ch\u00e9vere.<\/div><div class=\"uagb-tm__meta-inner\"><div class=\"uagb-testimonial-details\"><span class=\"uagb-tm__author-name\">Mar\u00eda Garc\u00eda<\/span><span class=\"uagb-tm__company\">Visitante<\/span><\/div><\/div><\/div><\/div><\/div><\/div><\/div>\n<\/div>\n\n\n\n<div class=\"wp-block-uagb-container uagb-block-1ff7e0c6\">\n<div class=\"wp-block-uagb-star-rating uagb-block-69e9a0db\"><div class=\"uag-star-rating\" title=\"5\/5\"><span class=\"uag-star\">\u2605<\/span><span class=\"uag-star\">\u2605<\/span><span class=\"uag-star\">\u2605<\/span><span class=\"uag-star\">\u2605<\/span><span class=\"uag-star\">\u2605<\/span><\/div><\/div>\n\n\n\n<div class=\"wp-block-uagb-testimonial uagb-slick-carousel uagb-tm__arrow-outside uagb-block-66a22e4f uagb-post__carousel_notset uagb-post__carousel_notset-tablet uagb-post__carousel_notset-mobile\"><div class=\"is-carousel uagb-tm__columns-1 uagb-tm__items\"><div class=\"uagb-testimonial__wrap  uagb-tm__imgicon-style-circle uagb-tm__image-position-bottom uagb-tm__bg-type-none\"><div class=\"uagb-tm__content\"><div class=\"uagb-tm__overlay\"><\/div><div class=\"uagb-tm__text-wrap\"><div class=\"uagb-tm__desc\">Yo, the food here is straight fire. Every dish is on point. For real, it&#8217;s hella good. Highly recommend, don&#8217;t miss out.<\/div><div class=\"uagb-tm__meta-inner\"><div class=\"uagb-testimonial-details\"><span class=\"uagb-tm__author-name\">Jay Johnson<\/span><span class=\"uagb-tm__company\">Visitante<\/span><\/div><\/div><\/div><\/div><\/div><\/div><\/div>\n<\/div>\n<\/div>\n<\/div><\/div>","protected":false},"excerpt":{"rendered":"<p>Sabores aut\u00e9nticos latinos con una fusi\u00f3n Cubana Sum\u00e9rgete en una experiencia culinaria vibrante en el coraz\u00f3n de Miami. Nuestro men\u00fa [&hellip;]<\/p>","protected":false},"author":1,"featured_media":0,"parent":0,"menu_order":0,"comment_status":"closed","ping_status":"closed","template":"","meta":{"_uag_custom_page_level_css":"","_monsterinsights_skip_tracking":false,"_monsterinsights_sitenote_active":false,"_monsterinsights_sitenote_note":"","_monsterinsights_sitenote_category":0,"site-sidebar-layout":"default","site-content-layout":"","ast-site-content-layout":"normal-width-container","site-content-style":"default","site-sidebar-style":"default","ast-global-header-display":"","ast-banner-title-visibility":"disabled","ast-main-header-display":"","ast-hfb-above-header-display":"","ast-hfb-below-header-display":"","ast-hfb-mobile-header-display":"","site-post-title":"disabled","ast-breadcrumbs-content":"","ast-featured-img":"","footer-sml-layout":"","theme-transparent-header-meta":"enabled","adv-header-id-meta":"","stick-header-meta":"","header-above-stick-meta":"","header-main-stick-meta":"","header-below-stick-meta":"","astra-migrate-meta-layouts":"set","ast-page-background-enabled":"default","ast-page-background-meta":{"desktop":{"background-color":"var(--ast-global-color-4)","background-image":"","background-repeat":"repeat","background-position":"center center","background-size":"auto","background-attachment":"scroll","background-type":"","background-media":"","overlay-type":"","overlay-color":"","overlay-opacity":"","overlay-gradient":""},"tablet":{"background-color":"","background-image":"","background-repeat":"repeat","background-position":"center center","background-size":"auto","background-attachment":"scroll","background-type":"","background-media":"","overlay-type":"","overlay-color":"","overlay-opacity":"","overlay-gradient":""},"mobile":{"background-color":"","background-image":"","background-repeat":"repeat","background-position":"center center","background-size":"auto","background-attachment":"scroll","background-type":"","background-media":"","overlay-type":"","overlay-color":"","overlay-opacity":"","overlay-gradient":""}},"ast-content-background-meta":{"desktop":{"background-color":"var(--ast-global-color-5)","background-image":"","background-repeat":"repeat","background-position":"center center","background-size":"auto","background-attachment":"scroll","background-type":"","background-media":"","overlay-type":"","overlay-color":"","overlay-opacity":"","overlay-gradient":""},"tablet":{"background-color":"var(--ast-global-color-5)","background-image":"","background-repeat":"repeat","background-position":"center center","background-size":"auto","background-attachment":"scroll","background-type":"","background-media":"","overlay-type":"","overlay-color":"","overlay-opacity":"","overlay-gradient":""},"mobile":{"background-color":"var(--ast-global-color-5)","background-image":"","background-repeat":"repeat","background-position":"center center","background-size":"auto","background-attachment":"scroll","background-type":"","background-media":"","overlay-type":"","overlay-color":"","overlay-opacity":"","overlay-gradient":""}},"footnotes":""},"class_list":["post-633","page","type-page","status-publish","hentry"],"uagb_featured_image_src":{"full":false,"thumbnail":false,"medium":false,"medium_large":false,"large":false,"1536x1536":false,"2048x2048":false,"trp-custom-language-flag":false},"uagb_author_info":{"display_name":"latinamericancoralway","author_link":"https:\/\/latinamerican-coralway.com\/en\/author\/latinamericancoralway\/"},"uagb_comment_info":0,"uagb_excerpt":"Sabores aut\u00e9nticos latinos con una fusi\u00f3n Cubana Sum\u00e9rgete en una experiencia culinaria vibrante en el coraz\u00f3n de Miami. Nuestro men\u00fa [&hellip;]","_links":{"self":[{"href":"https:\/\/latinamerican-coralway.com\/en\/wp-json\/wp\/v2\/pages\/633","targetHints":{"allow":["GET"]}}],"collection":[{"href":"https:\/\/latinamerican-coralway.com\/en\/wp-json\/wp\/v2\/pages"}],"about":[{"href":"https:\/\/latinamerican-coralway.com\/en\/wp-json\/wp\/v2\/types\/page"}],"author":[{"embeddable":true,"href":"https:\/\/latinamerican-coralway.com\/en\/wp-json\/wp\/v2\/users\/1"}],"replies":[{"embeddable":true,"href":"https:\/\/latinamerican-coralway.com\/en\/wp-json\/wp\/v2\/comments?post=633"}],"version-history":[{"count":29,"href":"https:\/\/latinamerican-coralway.com\/en\/wp-json\/wp\/v2\/pages\/633\/revisions"}],"predecessor-version":[{"id":891,"href":"https:\/\/latinamerican-coralway.com\/en\/wp-json\/wp\/v2\/pages\/633\/revisions\/891"}],"wp:attachment":[{"href":"https:\/\/latinamerican-coralway.com\/en\/wp-json\/wp\/v2\/media?parent=633"}],"curies":[{"name":"wp","href":"https:\/\/api.w.org\/{rel}","templated":true}]}}